{"id":168,"date":"2024-04-24T00:42:21","date_gmt":"2024-04-24T00:42:21","guid":{"rendered":"https:\/\/educacionmed.org\/tucuenta\/password-recover\/"},"modified":"2024-04-24T00:42:21","modified_gmt":"2024-04-24T00:42:21","slug":"password-recover","status":"publish","type":"page","link":"https:\/\/educacionmed.org\/tucuenta\/password-recover\/","title":{"rendered":"Olvid\u00f3 la contrase\u00f1a"},"content":{"rendered":"<div id=\"peepso-wrap\"><div class=\"peepso\">\n  <div class=\"ps-page ps-page--register ps-page--register-recover\">\n    <h2>Olvid\u00f3 la contrase\u00f1a<\/h2>\n    <p>Por favor introduzca la direcci\u00f3n de correo electr\u00f3nico para su cuenta. Un c\u00f3digo de verificaci\u00f3n se enviar\u00e1 a usted. Una vez haya recibido el c\u00f3digo de verificaci\u00f3n, usted ser\u00e1 capaz de elegir una nueva contrase\u00f1a para su cuenta.<\/p>\n            <div class=\"psf-register psf-register--recover\">\n      <form id=\"recoverpasswordform\" name=\"recoverpasswordform\" action=\"?submit\" method=\"post\" class=\"ps-form ps-form--register ps-form--register-recover\">\n          <input type=\"hidden\" name=\"task\" value=\"-recover-password\" \/>\n          <input type=\"hidden\" name=\"-form-id\" value=\"eee023dbd9\" \/>\n          <div class=\"ps-form__grid\">\n              <div class=\"ps-form__row\">\n                  <label for=\"email\" class=\"ps-form__label\">Direcci\u00f3n de correo electr\u00f3nico:                      <span class=\"ps-form__required\">&nbsp;*<span><\/span><\/span>\n                  <\/label>\n                  <div class=\"ps-form__field\">\n                      <input class=\"ps-input\" type=\"email\" name=\"email\" placeholder=\"Direcci\u00f3n de correo electr\u00f3nico\" \/>\n                  <\/div>\n              <\/div>\n              <div class=\"ps-form__row ps-form__row--submit\">\n                                <a class=\"ps-btn\" href=\"https:\/\/educacionmed.org\/tucuenta\/activity\/\">Atr\u00e1s<\/a>\n                                <input type=\"submit\" name=\"submit-recover\"\n                  class=\"ps-btn ps-btn--action \"\n                  value=\"Enviar\"\n                   \/>\n              <\/div>\n          <\/div>\n      <\/form>\n    <\/div>\n  <\/div>\n<\/div>\n<\/div>\n","protected":false},"excerpt":{"rendered":"","protected":false},"author":1,"featured_media":0,"parent":0,"menu_order":0,"comment_status":"closed","ping_status":"closed","template":"","meta":{"footnotes":""},"class_list":["post-168","page","type-page","status-publish","hentry"],"_links":{"self":[{"href":"https:\/\/educacionmed.org\/tucuenta\/wp-json\/wp\/v2\/pages\/168","targetHints":{"allow":["GET"]}}],"collection":[{"href":"https:\/\/educacionmed.org\/tucuenta\/wp-json\/wp\/v2\/pages"}],"about":[{"href":"https:\/\/educacionmed.org\/tucuenta\/wp-json\/wp\/v2\/types\/page"}],"author":[{"embeddable":true,"href":"https:\/\/educacionmed.org\/tucuenta\/wp-json\/wp\/v2\/users\/1"}],"replies":[{"embeddable":true,"href":"https:\/\/educacionmed.org\/tucuenta\/wp-json\/wp\/v2\/comments?post=168"}],"version-history":[{"count":0,"href":"https:\/\/educacionmed.org\/tucuenta\/wp-json\/wp\/v2\/pages\/168\/revisions"}],"wp:attachment":[{"href":"https:\/\/educacionmed.org\/tucuenta\/wp-json\/wp\/v2\/media?parent=168"}],"curies":[{"name":"wp","href":"https:\/\/api.w.org\/{rel}","templated":true}]}}